{"id":35867,"date":"2026-04-22T20:26:16","date_gmt":"2026-04-23T02:26:16","guid":{"rendered":"https:\/\/digitalreportmx.com\/?page_id=35867"},"modified":"2026-04-22T20:26:17","modified_gmt":"2026-04-23T02:26:17","slug":"inauguran-primer-centro-gerontologico-en-guadalupe","status":"publish","type":"page","link":"https:\/\/digitalreportmx.com\/index.php\/inauguran-primer-centro-gerontologico-en-guadalupe\/","title":{"rendered":"Inauguran primer Centro Gerontol\u00f3gico en Guadalupe"},"content":{"rendered":"\n<p><kbd>Guadalupe, NL <\/kbd><\/p>\n\n\n\n<p>El primer Centro Gerontol\u00f3gico del Municipio de Guadalupe abri\u00f3 sus puertas para brindar atenci\u00f3n y servicios a m\u00e1s de 5 mil adultos mayores en el sector de Agua Nueva.<\/p>\n\n\n\n<p>Lo que antes era una Casa Club se transform\u00f3 tras una rehabilitaci\u00f3n integral, que incluy\u00f3 obras de estabilizaci\u00f3n estructural, con la inyecci\u00f3n de 19 pilotes, construcci\u00f3n de una columna central, viga de cimentaci\u00f3n, reparaci\u00f3n total de instalaciones y servicios, \u00e1rea de cocina, talleres y de esparcimiento, entre otras, con una inversi\u00f3n de 4 millones 300 mil pesos.<\/p>\n\n\n\n<figure class=\"wp-block-image size-large\"><img loading=\"lazy\" decoding=\"async\" width=\"1024\" height=\"682\" src=\"https:\/\/digitalreportmx.com\/wp-content\/uploads\/2026\/04\/1000234164-1024x682.jpg\" alt=\"\" class=\"wp-image-35868\" srcset=\"https:\/\/digitalreportmx.com\/wp-content\/uploads\/2026\/04\/1000234164-1024x682.jpg 1024w, https:\/\/digitalreportmx.com\/wp-content\/uploads\/2026\/04\/1000234164-300x200.jpg 300w, https:\/\/digitalreportmx.com\/wp-content\/uploads\/2026\/04\/1000234164-768x512.jpg 768w, https:\/\/digitalreportmx.com\/wp-content\/uploads\/2026\/04\/1000234164-1536x1023.jpg 1536w, https:\/\/digitalreportmx.com\/wp-content\/uploads\/2026\/04\/1000234164.jpg 1600w\" sizes=\"auto, (max-width: 1024px) 100vw, 1024px\" \/><\/figure>\n\n\n\n<p>El alcalde H\u00e9ctor Garc\u00eda junto a la Presidenta del Sistema DIF, Blanca Trevi\u00f1o inauguraron el Centro Gerontol\u00f3gico \u201cA\u00f1os de Grandeza\u201d, espacio que permaneci\u00f3 cerrado durante meses para realizar los trabajos de reparaci\u00f3n y modernizaci\u00f3n del espacio.<\/p>\n\n\n\n<p>En el sitio, los adultos mayores podr\u00e1n recibir atenci\u00f3n m\u00e9dica especializada en psicolog\u00eda, odontolog\u00eda, nutrici\u00f3n, bienestar emocional, adem\u00e1s de participar en talleres de pintura, teatro, guitarra, panader\u00eda y hacer deporte.<\/p>\n\n\n\n<p>\u201cConcretamos el servicio de un geriatra, adem\u00e1s de un m\u00e9dico general, atenci\u00f3n odontol\u00f3gica preventiva y sucesivamente integraremos m\u00e1s servicios en favor de quienes ya aportaron para el crecimiento de Guadalupe, porque los adultos mayores sembraron semilla para este gran municipio y es justo cosechar resultados y porque ustedes lo merecen, reinauguramos este centro con servicios adicionales\u201d, inform\u00f3 H\u00e9ctor Garc\u00eda.<\/p>\n\n\n\n<figure class=\"wp-block-image size-large\"><img loading=\"lazy\" decoding=\"async\" width=\"1024\" height=\"682\" src=\"https:\/\/digitalreportmx.com\/wp-content\/uploads\/2026\/04\/1000234170-1024x682.jpg\" alt=\"\" class=\"wp-image-35869\" srcset=\"https:\/\/digitalreportmx.com\/wp-content\/uploads\/2026\/04\/1000234170-1024x682.jpg 1024w, https:\/\/digitalreportmx.com\/wp-content\/uploads\/2026\/04\/1000234170-300x200.jpg 300w, https:\/\/digitalreportmx.com\/wp-content\/uploads\/2026\/04\/1000234170-768x512.jpg 768w, https:\/\/digitalreportmx.com\/wp-content\/uploads\/2026\/04\/1000234170-1536x1023.jpg 1536w, https:\/\/digitalreportmx.com\/wp-content\/uploads\/2026\/04\/1000234170.jpg 1600w\" sizes=\"auto, (max-width: 1024px) 100vw, 1024px\" \/><\/figure>\n\n\n\n<p>Destac\u00f3 que en Guadalupe habitan m\u00e1s de 103 mil personas adultas mayores, que equivale al 16 por ciento de la poblaci\u00f3n del municipio, a quienes se beneficiar\u00e1 con una segunda etapa de obras en el Centro Gerontol\u00f3gico, que incluir\u00e1 un huerto urbano.<\/p>\n\n\n\n<p>Posteriormente, el Alcalde de Guadalupe H\u00e9ctor Garc\u00eda y F\u00e9lix Arratia Secretario de Igualdad e Inclusi\u00f3n del Estado de Nuevo Le\u00f3n, supervisaron los trabajos del pr\u00f3ximo Centro Integral de Cuidados en la colonia Rinc\u00f3n de la Sierra, con un 80% de avance y con la estimaci\u00f3n de entrega al 30 de mayo<\/p>\n","protected":false},"excerpt":{"rendered":"<p>Guadalupe, NL El primer Centro Gerontol\u00f3gico del Municipio de Guadalupe abri\u00f3 sus puertas para brindar atenci\u00f3n y servicios a m\u00e1s de 5 mil adultos mayores en el sector de Agua Nueva. Lo que antes era una Casa Club se transform\u00f3 tras una rehabilitaci\u00f3n integral, que incluy\u00f3 obras de estabilizaci\u00f3n estructural, con la inyecci\u00f3n de 19 [&hellip;]<\/p>\n","protected":false},"author":1,"featured_media":35870,"parent":0,"menu_order":0,"comment_status":"closed","ping_status":"closed","template":"","meta":{"om_disable_all_campaigns":false,"_monsterinsights_skip_tracking":false,"_monsterinsights_sitenote_active":false,"_monsterinsights_sitenote_note":"","_monsterinsights_sitenote_category":0,"footnotes":""},"class_list":["post-35867","page","type-page","status-publish","has-post-thumbnail","hentry"],"aioseo_notices":[],"_links":{"self":[{"href":"https:\/\/digitalreportmx.com\/index.php\/wp-json\/wp\/v2\/pages\/35867","targetHints":{"allow":["GET"]}}],"collection":[{"href":"https:\/\/digitalreportmx.com\/index.php\/wp-json\/wp\/v2\/pages"}],"about":[{"href":"https:\/\/digitalreportmx.com\/index.php\/wp-json\/wp\/v2\/types\/page"}],"author":[{"embeddable":true,"href":"https:\/\/digitalreportmx.com\/index.php\/wp-json\/wp\/v2\/users\/1"}],"replies":[{"embeddable":true,"href":"https:\/\/digitalreportmx.com\/index.php\/wp-json\/wp\/v2\/comments?post=35867"}],"version-history":[{"count":1,"href":"https:\/\/digitalreportmx.com\/index.php\/wp-json\/wp\/v2\/pages\/35867\/revisions"}],"predecessor-version":[{"id":35871,"href":"https:\/\/digitalreportmx.com\/index.php\/wp-json\/wp\/v2\/pages\/35867\/revisions\/35871"}],"wp:featuredmedia":[{"embeddable":true,"href":"https:\/\/digitalreportmx.com\/index.php\/wp-json\/wp\/v2\/media\/35870"}],"wp:attachment":[{"href":"https:\/\/digitalreportmx.com\/index.php\/wp-json\/wp\/v2\/media?parent=35867"}],"curies":[{"name":"wp","href":"https:\/\/api.w.org\/{rel}","templated":true}]}}